{"id":8723,"date":"2020-10-28T03:06:27","date_gmt":"2020-10-28T03:06:27","guid":{"rendered":"https:\/\/www.hewayasin.com\/buckstop\/?page_id=8723"},"modified":"2020-10-28T03:32:46","modified_gmt":"2020-10-28T03:32:46","slug":"news","status":"publish","type":"page","link":"https:\/\/www.hewayasin.com\/buckstop\/news\/","title":{"rendered":"News"},"content":{"rendered":"\t\t<div data-elementor-type=\"wp-page\" data-elementor-id=\"8723\" class=\"elementor elementor-8723\">\n\t\t\t\t\t\t<section class=\"elementor-section elementor-top-section elementor-element elementor-element-5a693d6 elementor-section-boxed elementor-section-height-default elementor-section-height-default\" data-id=\"5a693d6\" data-element_type=\"section\">\n\t\t\t\t\t\t<div class=\"elementor-container elementor-column-gap-default\">\n\t\t\t\t\t<div class=\"elementor-column elementor-col-100 elementor-top-column elementor-element elementor-element-35f5235\" data-id=\"35f5235\" data-element_type=\"column\">\n\t\t\t<div class=\"elementor-widget-wrap elementor-element-populated\">\n\t\t\t\t\t\t<div class=\"elementor-element elementor-element-6ea1420 elementor-drop-cap-yes elementor-drop-cap-view-default elementor-widget elementor-widget-text-editor\" data-id=\"6ea1420\" data-element_type=\"widget\" data-settings=\"{&quot;drop_cap&quot;:&quot;yes&quot;}\" data-widget_type=\"text-editor.default\">\n\t\t\t\t<div class=\"elementor-widget-container\">\n\t\t\t\t\t\t\t\t\t<!--\/\/\n<p>As much as we love sharing music, we also know that it's informed and influenced by what happens around us. It is with that in mind, that we've collaborated with brilliant minds that have a pulse on our beloved continent and can outline the day-to-day, from the major events to the anecdotal ones. We don't intend to substitute newspapers. We just try to shed an honest light on what matters to us.<\/p>\n\/\/-->\n<p>Nous prenons toujours plaisir \u00e0 vous concocter nos playlists pour partager la musique qui nous a marqu\u00e9 . Nous sommes \u00e9galement conscients que cette musique tire tr\u00e8s souvent son sens de ce qui se passe autour de nous. C&#8217;est donc dans le souci d&#8217;apporter un \u00e9clairage honn\u00eate sur le quotidien Africain que nous nous sommes entour\u00e9s de partenaires brillants qui ont le pouls du continent. Des grands \u00e9v\u00e9nements aux anecdotes, nous vous offrons les grandes lignes ici. Attention : nous n&#8217;avons pas l&#8217;intention de nous substituer aux journaux \ud83d\ude09\ud83d\ude09\ud83d\ude09.<\/p>\t\t\t\t\t\t\t\t<\/div>\n\t\t\t\t<\/div>\n\t\t\t\t\t<\/div>\n\t\t<\/div>\n\t\t\t\t\t<\/div>\n\t\t<\/section>\n\t\t\t\t<section class=\"elementor-section elementor-top-section elementor-element elementor-element-08632c5 elementor-section-boxed elementor-section-height-default elementor-section-height-default\" data-id=\"08632c5\" data-element_type=\"section\">\n\t\t\t\t\t\t<div class=\"elementor-container elementor-column-gap-default\">\n\t\t\t\t\t<div class=\"elementor-column elementor-col-100 elementor-top-column elementor-element elementor-element-cb6fa01\" data-id=\"cb6fa01\" data-element_type=\"column\">\n\t\t\t<div class=\"elementor-widget-wrap elementor-element-populated\">\n\t\t\t\t\t\t<div class=\"elementor-element elementor-element-2ec5e3e elementor-widget-divider--view-line elementor-widget elementor-widget-divider\" data-id=\"2ec5e3e\" data-element_type=\"widget\" data-widget_type=\"divider.default\">\n\t\t\t\t<div class=\"elementor-widget-container\">\n\t\t\t\t\t\t\t<div class=\"elementor-divider\">\n\t\t\t<span class=\"elementor-divider-separator\">\n\t\t\t\t\t\t<\/span>\n\t\t<\/div>\n\t\t\t\t\t\t<\/div>\n\t\t\t\t<\/div>\n\t\t\t\t\t<\/div>\n\t\t<\/div>\n\t\t\t\t\t<\/div>\n\t\t<\/section>\n\t\t\t\t<section class=\"elementor-section elementor-top-section elementor-element elementor-element-b6a222e elementor-section-boxed elementor-section-height-default elementor-section-height-default\" data-id=\"b6a222e\" data-element_type=\"section\">\n\t\t\t\t\t\t<div class=\"elementor-container elementor-column-gap-default\">\n\t\t\t\t\t<div class=\"elementor-column elementor-col-100 elementor-top-column elementor-element elementor-element-cc6dd2a\" data-id=\"cc6dd2a\" data-element_type=\"column\">\n\t\t\t<div class=\"elementor-widget-wrap\">\n\t\t\t\t\t\t\t<\/div>\n\t\t<\/div>\n\t\t\t\t\t<\/div>\n\t\t<\/section>\n\t\t\t\t<\/div>\n\t\t","protected":false},"excerpt":{"rendered":"<p>Nous prenons toujours plaisir \u00e0 vous concocter nos playlists pour partager la musique qui nous a marqu\u00e9 . Nous sommes \u00e9galement conscients que cette musique tire tr\u00e8s souvent son sens de ce qui se passe autour de nous. C&#8217;est donc dans le souci d&#8217;apporter un \u00e9clairage honn\u00eate sur le quotidien Africain que nous nous sommes [&hellip;]<\/p>\n","protected":false},"author":1,"featured_media":0,"parent":0,"menu_order":0,"comment_status":"closed","ping_status":"closed","template":"elementor_header_footer","meta":{"jetpack_post_was_ever_published":false,"footnotes":""},"class_list":["post-8723","page","type-page","status-publish","hentry"],"yoast_head":"<!-- This site is optimized with the Yoast SEO plugin v25.9 - https:\/\/yoast.com\/wordpress\/plugins\/seo\/ -->\n<title>News - The Buck Stop<\/title>\n<meta name=\"robots\" content=\"index, follow, max-snippet:-1, max-image-preview:large, max-video-preview:-1\" \/>\n<link rel=\"canonical\" href=\"https:\/\/www.hewayasin.com\/buckstop\/news\/\" \/>\n<meta property=\"og:locale\" content=\"en_US\" \/>\n<meta property=\"og:type\" content=\"article\" \/>\n<meta property=\"og:title\" content=\"News - The Buck Stop\" \/>\n<meta property=\"og:description\" content=\"Nous prenons toujours plaisir \u00e0 vous concocter nos playlists pour partager la musique qui nous a marqu\u00e9 . Nous sommes \u00e9galement conscients que cette musique tire tr\u00e8s souvent son sens de ce qui se passe autour de nous. C&#8217;est donc dans le souci d&#8217;apporter un \u00e9clairage honn\u00eate sur le quotidien Africain que nous nous sommes [&hellip;]\" \/>\n<meta property=\"og:url\" content=\"https:\/\/www.hewayasin.com\/buckstop\/news\/\" \/>\n<meta property=\"og:site_name\" content=\"The Buck Stop\" \/>\n<meta property=\"article:publisher\" content=\"https:\/\/www.facebook.com\/itshewayasin\/\" \/>\n<meta property=\"article:modified_time\" content=\"2020-10-28T03:32:46+00:00\" \/>\n<meta name=\"twitter:card\" content=\"summary_large_image\" \/>\n<meta name=\"twitter:site\" content=\"@iamhewayasin\" \/>\n<script type=\"application\/ld+json\" class=\"yoast-schema-graph\">{\"@context\":\"https:\/\/schema.org\",\"@graph\":[{\"@type\":\"WebPage\",\"@id\":\"https:\/\/www.hewayasin.com\/buckstop\/news\/\",\"url\":\"https:\/\/www.hewayasin.com\/buckstop\/news\/\",\"name\":\"News - The Buck Stop\",\"isPartOf\":{\"@id\":\"https:\/\/www.hewayasin.com\/buckstop\/#website\"},\"datePublished\":\"2020-10-28T03:06:27+00:00\",\"dateModified\":\"2020-10-28T03:32:46+00:00\",\"breadcrumb\":{\"@id\":\"https:\/\/www.hewayasin.com\/buckstop\/news\/#breadcrumb\"},\"inLanguage\":\"en-US\",\"potentialAction\":[{\"@type\":\"ReadAction\",\"target\":[\"https:\/\/www.hewayasin.com\/buckstop\/news\/\"]}]},{\"@type\":\"BreadcrumbList\",\"@id\":\"https:\/\/www.hewayasin.com\/buckstop\/news\/#breadcrumb\",\"itemListElement\":[{\"@type\":\"ListItem\",\"position\":1,\"name\":\"Home\",\"item\":\"https:\/\/www.hewayasin.com\/buckstop\/\"},{\"@type\":\"ListItem\",\"position\":2,\"name\":\"News\"}]},{\"@type\":\"WebSite\",\"@id\":\"https:\/\/www.hewayasin.com\/buckstop\/#website\",\"url\":\"https:\/\/www.hewayasin.com\/buckstop\/\",\"name\":\"The Buck Stop\",\"description\":\"With Africa on My Sleeve\",\"publisher\":{\"@id\":\"https:\/\/www.hewayasin.com\/buckstop\/#organization\"},\"potentialAction\":[{\"@type\":\"SearchAction\",\"target\":{\"@type\":\"EntryPoint\",\"urlTemplate\":\"https:\/\/www.hewayasin.com\/buckstop\/?s={search_term_string}\"},\"query-input\":{\"@type\":\"PropertyValueSpecification\",\"valueRequired\":true,\"valueName\":\"search_term_string\"}}],\"inLanguage\":\"en-US\"},{\"@type\":\"Organization\",\"@id\":\"https:\/\/www.hewayasin.com\/buckstop\/#organization\",\"name\":\"Hewa Yasin\",\"url\":\"https:\/\/www.hewayasin.com\/buckstop\/\",\"logo\":{\"@type\":\"ImageObject\",\"inLanguage\":\"en-US\",\"@id\":\"https:\/\/www.hewayasin.com\/buckstop\/#\/schema\/logo\/image\/\",\"url\":\"https:\/\/i2.wp.com\/www.hewayasin.com\/buckstop\/wp-content\/uploads\/2020\/11\/HewaYasinLogowork-01.png?fit=3508%2C2481&ssl=1\",\"contentUrl\":\"https:\/\/i2.wp.com\/www.hewayasin.com\/buckstop\/wp-content\/uploads\/2020\/11\/HewaYasinLogowork-01.png?fit=3508%2C2481&ssl=1\",\"width\":3508,\"height\":2481,\"caption\":\"Hewa Yasin\"},\"image\":{\"@id\":\"https:\/\/www.hewayasin.com\/buckstop\/#\/schema\/logo\/image\/\"},\"sameAs\":[\"https:\/\/www.facebook.com\/itshewayasin\/\",\"https:\/\/x.com\/iamhewayasin\",\"https:\/\/www.instagram.com\/hewayasin\/\",\"https:\/\/www.youtube.com\/channel\/UCdDje3MJRkYjhGiAjgthHPg\"]}]}<\/script>\n<!-- \/ Yoast SEO plugin. -->","yoast_head_json":{"title":"News - The Buck Stop","robots":{"index":"index","follow":"follow","max-snippet":"max-snippet:-1","max-image-preview":"max-image-preview:large","max-video-preview":"max-video-preview:-1"},"canonical":"https:\/\/www.hewayasin.com\/buckstop\/news\/","og_locale":"en_US","og_type":"article","og_title":"News - The Buck Stop","og_description":"Nous prenons toujours plaisir \u00e0 vous concocter nos playlists pour partager la musique qui nous a marqu\u00e9 . Nous sommes \u00e9galement conscients que cette musique tire tr\u00e8s souvent son sens de ce qui se passe autour de nous. C&#8217;est donc dans le souci d&#8217;apporter un \u00e9clairage honn\u00eate sur le quotidien Africain que nous nous sommes [&hellip;]","og_url":"https:\/\/www.hewayasin.com\/buckstop\/news\/","og_site_name":"The Buck Stop","article_publisher":"https:\/\/www.facebook.com\/itshewayasin\/","article_modified_time":"2020-10-28T03:32:46+00:00","twitter_card":"summary_large_image","twitter_site":"@iamhewayasin","schema":{"@context":"https:\/\/schema.org","@graph":[{"@type":"WebPage","@id":"https:\/\/www.hewayasin.com\/buckstop\/news\/","url":"https:\/\/www.hewayasin.com\/buckstop\/news\/","name":"News - The Buck Stop","isPartOf":{"@id":"https:\/\/www.hewayasin.com\/buckstop\/#website"},"datePublished":"2020-10-28T03:06:27+00:00","dateModified":"2020-10-28T03:32:46+00:00","breadcrumb":{"@id":"https:\/\/www.hewayasin.com\/buckstop\/news\/#breadcrumb"},"inLanguage":"en-US","potentialAction":[{"@type":"ReadAction","target":["https:\/\/www.hewayasin.com\/buckstop\/news\/"]}]},{"@type":"BreadcrumbList","@id":"https:\/\/www.hewayasin.com\/buckstop\/news\/#breadcrumb","itemListElement":[{"@type":"ListItem","position":1,"name":"Home","item":"https:\/\/www.hewayasin.com\/buckstop\/"},{"@type":"ListItem","position":2,"name":"News"}]},{"@type":"WebSite","@id":"https:\/\/www.hewayasin.com\/buckstop\/#website","url":"https:\/\/www.hewayasin.com\/buckstop\/","name":"The Buck Stop","description":"With Africa on My Sleeve","publisher":{"@id":"https:\/\/www.hewayasin.com\/buckstop\/#organization"},"potentialAction":[{"@type":"SearchAction","target":{"@type":"EntryPoint","urlTemplate":"https:\/\/www.hewayasin.com\/buckstop\/?s={search_term_string}"},"query-input":{"@type":"PropertyValueSpecification","valueRequired":true,"valueName":"search_term_string"}}],"inLanguage":"en-US"},{"@type":"Organization","@id":"https:\/\/www.hewayasin.com\/buckstop\/#organization","name":"Hewa Yasin","url":"https:\/\/www.hewayasin.com\/buckstop\/","logo":{"@type":"ImageObject","inLanguage":"en-US","@id":"https:\/\/www.hewayasin.com\/buckstop\/#\/schema\/logo\/image\/","url":"https:\/\/i2.wp.com\/www.hewayasin.com\/buckstop\/wp-content\/uploads\/2020\/11\/HewaYasinLogowork-01.png?fit=3508%2C2481&ssl=1","contentUrl":"https:\/\/i2.wp.com\/www.hewayasin.com\/buckstop\/wp-content\/uploads\/2020\/11\/HewaYasinLogowork-01.png?fit=3508%2C2481&ssl=1","width":3508,"height":2481,"caption":"Hewa Yasin"},"image":{"@id":"https:\/\/www.hewayasin.com\/buckstop\/#\/schema\/logo\/image\/"},"sameAs":["https:\/\/www.facebook.com\/itshewayasin\/","https:\/\/x.com\/iamhewayasin","https:\/\/www.instagram.com\/hewayasin\/","https:\/\/www.youtube.com\/channel\/UCdDje3MJRkYjhGiAjgthHPg"]}]}},"jetpack_sharing_enabled":true,"jetpack_shortlink":"https:\/\/wp.me\/P93vBl-2gH","jetpack_likes_enabled":true,"amp_enabled":true,"_links":{"self":[{"href":"https:\/\/www.hewayasin.com\/buckstop\/wp-json\/wp\/v2\/pages\/8723","targetHints":{"allow":["GET"]}}],"collection":[{"href":"https:\/\/www.hewayasin.com\/buckstop\/wp-json\/wp\/v2\/pages"}],"about":[{"href":"https:\/\/www.hewayasin.com\/buckstop\/wp-json\/wp\/v2\/types\/page"}],"author":[{"embeddable":true,"href":"https:\/\/www.hewayasin.com\/buckstop\/wp-json\/wp\/v2\/users\/1"}],"replies":[{"embeddable":true,"href":"https:\/\/www.hewayasin.com\/buckstop\/wp-json\/wp\/v2\/comments?post=8723"}],"version-history":[{"count":2,"href":"https:\/\/www.hewayasin.com\/buckstop\/wp-json\/wp\/v2\/pages\/8723\/revisions"}],"predecessor-version":[{"id":8742,"href":"https:\/\/www.hewayasin.com\/buckstop\/wp-json\/wp\/v2\/pages\/8723\/revisions\/8742"}],"wp:attachment":[{"href":"https:\/\/www.hewayasin.com\/buckstop\/wp-json\/wp\/v2\/media?parent=8723"}],"curies":[{"name":"wp","href":"https:\/\/api.w.org\/{rel}","templated":true}]}}